{"id":744,"date":"2018-04-16T00:22:55","date_gmt":"2018-04-15T22:22:55","guid":{"rendered":"https:\/\/gacc-frankfurt.de\/?page_id=744"},"modified":"2022-03-30T00:48:52","modified_gmt":"2022-03-29T22:48:52","slug":"helfer-werden","status":"publish","type":"page","link":"http:\/\/gacc-frankfurt.de\/de\/mitmachen\/helfer-werden\/","title":{"rendered":"Helfer Werden"},"content":{"rendered":"<div class=\"wpforms-container wpforms-container-full wpforms-block\" id=\"wpforms-7676\"><form id=\"wpforms-form-7676\" class=\"wpforms-validate wpforms-form\" data-formid=\"7676\" method=\"post\" enctype=\"multipart\/form-data\" action=\"\/de\/wp-json\/wp\/v2\/pages\/744\" data-token=\"0d4ce6bbd9360f8263afdaef6a5c5456\" data-token-time=\"1777705946\" data-trp-original-action=\"\/de\/wp-json\/wp\/v2\/pages\/744\"><noscript class=\"wpforms-error-noscript\">Bitte aktiviere JavaScript in deinem Browser, um dieses Formular fertigzustellen.<\/noscript><div class=\"wpforms-field-container\"><div id=\"wpforms-7676-field_0-container\" class=\"wpforms-field wpforms-field-name\" data-field-id=\"0\"><label class=\"wpforms-field-label\">Name <span class=\"wpforms-required-label\">*<\/span><\/label><div class=\"wpforms-field-row wpforms-field-medium\"><div class=\"wpforms-field-row-block wpforms-first wpforms-one-half\"><input type=\"text\" id=\"wpforms-7676-field_0\" class=\"wpforms-field-name-first wpforms-field-required\" name=\"wpforms[fields][0][first]\" required><label for=\"wpforms-7676-field_0\" class=\"wpforms-field-sublabel after\">Vorname<\/label><\/div><div class=\"wpforms-field-row-block wpforms-one-half\"><input type=\"text\" id=\"wpforms-7676-field_0-last\" class=\"wpforms-field-name-last wpforms-field-required\" name=\"wpforms[fields][0][last]\" required><label for=\"wpforms-7676-field_0-last\" class=\"wpforms-field-sublabel after\">Nachname<\/label><\/div><\/div><\/div><div id=\"wpforms-7676-field_1-container\" class=\"wpforms-field wpforms-field-email\" data-field-id=\"1\"><label class=\"wpforms-field-label\" for=\"wpforms-7676-field_1\">Email Adresse <span class=\"wpforms-required-label\">*<\/span><\/label><input type=\"email\" id=\"wpforms-7676-field_1\" class=\"wpforms-field-medium wpforms-field-required\" name=\"wpforms[fields][1]\" spellcheck=\"false\" required><\/div><div id=\"wpforms-7676-field_27-container\" class=\"wpforms-field wpforms-field-number\" data-field-id=\"27\"><label class=\"wpforms-field-label\" for=\"wpforms-7676-field_27\">Telefonnummer (numerisch ohne Leerzeichen)<\/label><input type=\"number\" id=\"wpforms-7676-field_27\" class=\"wpforms-field-medium\" name=\"wpforms[fields][27]\" step=\"any\" ><\/div><div id=\"wpforms-7676-field_16-container\" class=\"wpforms-field wpforms-field-name\" data-field-id=\"16\"><label class=\"wpforms-field-label\">Dein Kontaktmitglied beim GACC<\/label><div class=\"wpforms-field-row wpforms-field-medium\"><div class=\"wpforms-field-row-block wpforms-first wpforms-one-half\"><input type=\"text\" id=\"wpforms-7676-field_16\" class=\"wpforms-field-name-first\" name=\"wpforms[fields][16][first]\" ><label for=\"wpforms-7676-field_16\" class=\"wpforms-field-sublabel after\">Vorname<\/label><\/div><div class=\"wpforms-field-row-block wpforms-one-half\"><input type=\"text\" id=\"wpforms-7676-field_16-last\" class=\"wpforms-field-name-last\" name=\"wpforms[fields][16][last]\" ><label for=\"wpforms-7676-field_16-last\" class=\"wpforms-field-sublabel after\">Nachname<\/label><\/div><\/div><\/div><div id=\"wpforms-7676-field_17-container\" class=\"wpforms-field wpforms-field-checkbox\" data-field-id=\"17\"><label class=\"wpforms-field-label\">Ich werde bei folgenden Konzerten helfen <span class=\"wpforms-required-label\">*<\/span><\/label><ul id=\"wpforms-7676-field_17\" class=\"wpforms-field-required\"><li class=\"choice-2 depth-1\"><input type=\"checkbox\" id=\"wpforms-7676-field_17_2\" name=\"wpforms[fields][17][]\" value=\"Friday Dec. 4th, 2026: 3.30 pm \u2013 9:30 pm (2 Concerts with a pause in-between)\" required><label class=\"wpforms-field-label-inline\" for=\"wpforms-7676-field_17_2\">Freitag 4. Dez. 2026: 15:30 - 21:30 (2 Konzerte mit einer Pause dazwischen)<\/label><\/li><li class=\"choice-8 depth-1\"><input type=\"checkbox\" id=\"wpforms-7676-field_17_8\" name=\"wpforms[fields][17][]\" value=\"Saturday Dec. 5th, 2026: 3.30 pm \u2013 9:30 pm (2 Concerts with a pause in-between)\" required><label class=\"wpforms-field-label-inline\" for=\"wpforms-7676-field_17_8\">Samstag 5. Dez. 2026: 15:30 - 21:30 (2 Konzerte mit einer Pause dazwischen)<\/label><\/li><li class=\"choice-7 depth-1\"><input type=\"checkbox\" id=\"wpforms-7676-field_17_7\" name=\"wpforms[fields][17][]\" value=\"Sunday Dec. 6th, 2026: 3.30 pm \u2013 9:30 pm (2 Concerts with a pause in-between)\" required><label class=\"wpforms-field-label-inline\" for=\"wpforms-7676-field_17_7\">Sonntag 6. Dez. 2026: 15:30 - 21:30 (2 Konzerte mit einer Pause dazwischen)<\/label><\/li><li class=\"choice-9 depth-1\"><input type=\"checkbox\" id=\"wpforms-7676-field_17_9\" name=\"wpforms[fields][17][]\" value=\"Monday Dec. 7th, 2026: 5.30 pm \u2013 8:30 pm\" required><label class=\"wpforms-field-label-inline\" for=\"wpforms-7676-field_17_9\">Montag 7. Dez. 2026: 17:30 - 20:30<\/label><\/li><\/ul><\/div><div id=\"wpforms-7676-field_20-container\" class=\"wpforms-field wpforms-field-checkbox\" data-field-id=\"20\"><label class=\"wpforms-field-label\">Ich m\u00f6chte folgende Aufgaben \u00fcbernehmen:<\/label><ul id=\"wpforms-7676-field_20\"><li class=\"choice-1 depth-1\"><input type=\"checkbox\" id=\"wpforms-7676-field_20_1\" name=\"wpforms[fields][20][]\" value=\"Entry \/ Ticket control\"  ><label class=\"wpforms-field-label-inline\" for=\"wpforms-7676-field_20_1\">Eingang\/Ticketkontrolle<\/label><\/li><li class=\"choice-5 depth-1\"><input type=\"checkbox\" id=\"wpforms-7676-field_20_5\" name=\"wpforms[fields][20][]\" value=\"CD \/ DVD \/ merchandizing Sales\"  ><label class=\"wpforms-field-label-inline\" for=\"wpforms-7676-field_20_5\">Verkauf von CD\u00b4s \/ DVD\u00b4s \/ Fan-Artikeln<\/label><\/li><li class=\"choice-10 depth-1\"><input type=\"checkbox\" id=\"wpforms-7676-field_20_10\" name=\"wpforms[fields][20][]\" value=\"I am flexible\"  ><label class=\"wpforms-field-label-inline\" for=\"wpforms-7676-field_20_10\">Ich bin flexibel<\/label><\/li><\/ul><\/div><div id=\"wpforms-7676-field_21-container\" class=\"wpforms-field wpforms-field-checkbox\" data-field-id=\"21\"><label class=\"wpforms-field-label\">Best\u00e4tigung Deines Alters <span class=\"wpforms-required-label\">*<\/span><\/label><ul id=\"wpforms-7676-field_21\" class=\"wpforms-field-required\"><li class=\"choice-1 depth-1\"><input type=\"checkbox\" id=\"wpforms-7676-field_21_1\" name=\"wpforms[fields][21][]\" value=\"I am minimum 16 years old\" required><label class=\"wpforms-field-label-inline\" for=\"wpforms-7676-field_21_1\">Ich bin mindestens 16 Jahre alt<\/label><\/li><\/ul><\/div><div id=\"wpforms-7676-field_33-container\" class=\"wpforms-field wpforms-field-checkbox\" data-field-id=\"33\"><label class=\"wpforms-field-label\">Sprichst Du deutsch? <span class=\"wpforms-required-label\">*<\/span><\/label><ul id=\"wpforms-7676-field_33\" class=\"wpforms-field-required\"><li class=\"choice-1 depth-1\"><input type=\"checkbox\" id=\"wpforms-7676-field_33_1\" name=\"wpforms[fields][33][]\" value=\"yes, I understand and speak German\" required><label class=\"wpforms-field-label-inline\" for=\"wpforms-7676-field_33_1\">ja, ich verstehe und spreche deutsch<\/label><\/li><\/ul><\/div><div id=\"wpforms-7676-field_22-container\" class=\"wpforms-field wpforms-field-checkbox\" data-field-id=\"22\"><label class=\"wpforms-field-label\">Ich habe den folgenden disclaimer gelesen und stimme zu... <span class=\"wpforms-required-label\">*<\/span><\/label><ul id=\"wpforms-7676-field_22\" class=\"wpforms-field-required\"><li class=\"choice-1 depth-1\"><input type=\"checkbox\" id=\"wpforms-7676-field_22_1\" name=\"wpforms[fields][22][]\" value=\"I AGREE\" required><label class=\"wpforms-field-label-inline\" for=\"wpforms-7676-field_22_1\">Ich stimme zu<\/label><\/li><\/ul><div class=\"wpforms-field-description wpforms-disclaimer-description translation-block\">Wir senden dir eine E-Mail, in der zu deiner Information deine Zugangsdaten aufgef\u00fchrt sind (bitte aufbewahren). Kurz vor den Konzerten erh\u00e4ltst du dann noch einmal eine E-Mail mit detaillierteren Informationen von uns. Bitte halte den Tag, an dem du helfen m\u00f6chtest, f\u00fcr uns frei. Wir danken dir f\u00fcr deine Teilnahme!\n<br>\n<br>\nDatenschutz: Deine Daten werden vertraulich behandelt, nicht an Dritte weitergegeben und ausschlie\u00dflich f\u00fcr den angegebenen Zweck \u2013 die Organisation unserer Konzerthelfer \u2013 genutzt und aufbewahrt.<\/div><\/div><div id=\"wpforms-7676-field_2-container\" class=\"wpforms-field wpforms-field-textarea\" data-field-id=\"2\"><label class=\"wpforms-field-label\" for=\"wpforms-7676-field_2\">Weitere Kommentare oder Nachrichten<\/label><textarea id=\"wpforms-7676-field_2\" class=\"wpforms-field-medium\" name=\"wpforms[fields][2]\" ><\/textarea><\/div><\/div><!-- .wpforms-field-container --><div class=\"wpforms-field wpforms-field-hp\"><label for=\"wpforms-7676-field-hp\" class=\"wpforms-field-label\">Telefon<\/label><input type=\"text\" name=\"wpforms[hp]\" id=\"wpforms-7676-field-hp\" class=\"wpforms-field-medium\"><\/div><div class=\"wpforms-recaptcha-container wpforms-is-recaptcha wpforms-is-recaptcha-type-invisible\" ><div class=\"g-recaptcha\" data-sitekey=\"6Lf3cZsUAAAAAA6Q3-uJwAKu8QLMK2av5OYW30Hq\" data-size=\"invisible\"><\/div><\/div><div class=\"wpforms-submit-container\" ><input type=\"hidden\" name=\"wpforms[id]\" value=\"7676\"><input type=\"hidden\" name=\"page_title\" value=\"\"><input type=\"hidden\" name=\"page_url\" value=\"http:\/\/gacc-frankfurt.de\/de\/wp-json\/wp\/v2\/pages\/744\"><input type=\"hidden\" name=\"url_referer\" value=\"\"><button type=\"submit\" name=\"wpforms[submit]\" id=\"wpforms-submit-7676\" class=\"wpforms-submit\" data-alt-text=\"Sending Request ...\" data-submit-text=\"Submit Request\" aria-live=\"assertive\" value=\"wpforms-submit\">Absenden<\/button><\/div><input type=\"hidden\" name=\"trp-form-language\" value=\"de\"\/><\/form><\/div>  <!-- .wpforms-container -->","protected":false},"excerpt":{"rendered":"","protected":false},"author":1,"featured_media":0,"parent":747,"menu_order":0,"comment_status":"closed","ping_status":"closed","template":"","meta":{"ngg_post_thumbnail":0,"footnotes":""},"class_list":["post-744","page","type-page","status-publish","hentry"],"jetpack_sharing_enabled":true,"jetpack_shortlink":"https:\/\/wp.me\/Pagp8M-c0","_links":{"self":[{"href":"http:\/\/gacc-frankfurt.de\/de\/wp-json\/wp\/v2\/pages\/744","targetHints":{"allow":["GET"]}}],"collection":[{"href":"http:\/\/gacc-frankfurt.de\/de\/wp-json\/wp\/v2\/pages"}],"about":[{"href":"http:\/\/gacc-frankfurt.de\/de\/wp-json\/wp\/v2\/types\/page"}],"author":[{"embeddable":true,"href":"http:\/\/gacc-frankfurt.de\/de\/wp-json\/wp\/v2\/users\/1"}],"replies":[{"embeddable":true,"href":"http:\/\/gacc-frankfurt.de\/de\/wp-json\/wp\/v2\/comments?post=744"}],"version-history":[{"count":7,"href":"http:\/\/gacc-frankfurt.de\/de\/wp-json\/wp\/v2\/pages\/744\/revisions"}],"predecessor-version":[{"id":8409,"href":"http:\/\/gacc-frankfurt.de\/de\/wp-json\/wp\/v2\/pages\/744\/revisions\/8409"}],"up":[{"embeddable":true,"href":"http:\/\/gacc-frankfurt.de\/de\/wp-json\/wp\/v2\/pages\/747"}],"wp:attachment":[{"href":"http:\/\/gacc-frankfurt.de\/de\/wp-json\/wp\/v2\/media?parent=744"}],"curies":[{"name":"wp","href":"https:\/\/api.w.org\/{rel}","templated":true}]}}