{"id":893,"date":"2018-05-04T00:02:44","date_gmt":"2018-05-03T22:02:44","guid":{"rendered":"https:\/\/gacc-frankfurt.de\/?page_id=893"},"modified":"2019-11-07T21:24:27","modified_gmt":"2019-11-07T20:24:27","slug":"chor-aktivitaten","status":"publish","type":"page","link":"http:\/\/gacc-frankfurt.de\/de\/gacc\/chor-aktivitaten\/","title":{"rendered":"Chor-Aktivit\u00e4ten"},"content":{"rendered":"<p>Neben den Proben und der Vorbereitung der Konzerte bietet der Chor viele M\u00f6glichkeiten neue pers\u00f6nliche Kontakte zu kn\u00fcpfen, sich ehrenamtlich zu engagieren oder gemeinsam in der Freizeit etwas zu unternehmen:<\/p>\n<h3>Retreats:<\/h3>\n<p><img loading=\"lazy\" decoding=\"async\" class=\"size-medium wp-image-330 alignleft\" src=\"\/wp-content\/uploads\/2018\/03\/2013_09_07_GACC_40Jahre_Hartmut_Bunge_145g-300x200.jpg\" alt=\"\" width=\"300\" height=\"200\" srcset=\"https:\/\/gacc-frankfurt.de\/wp-content\/uploads\/2018\/03\/2013_09_07_GACC_40Jahre_Hartmut_Bunge_145g-300x200.jpg 300w, https:\/\/gacc-frankfurt.de\/wp-content\/uploads\/2018\/03\/2013_09_07_GACC_40Jahre_Hartmut_Bunge_145g-768x512.jpg 768w, https:\/\/gacc-frankfurt.de\/wp-content\/uploads\/2018\/03\/2013_09_07_GACC_40Jahre_Hartmut_Bunge_145g-1024x682.jpg 1024w, https:\/\/gacc-frankfurt.de\/wp-content\/uploads\/2018\/03\/2013_09_07_GACC_40Jahre_Hartmut_Bunge_145g-420x280.jpg 420w, https:\/\/gacc-frankfurt.de\/wp-content\/uploads\/2018\/03\/2013_09_07_GACC_40Jahre_Hartmut_Bunge_145g-385x257.jpg 385w, https:\/\/gacc-frankfurt.de\/wp-content\/uploads\/2018\/03\/2013_09_07_GACC_40Jahre_Hartmut_Bunge_145g-600x400.jpg 600w, https:\/\/gacc-frankfurt.de\/wp-content\/uploads\/2018\/03\/2013_09_07_GACC_40Jahre_Hartmut_Bunge_145g.jpg 1080w\" sizes=\"auto, (max-width: 300px) 100vw, 300px\" \/>im Fr\u00fchjahr und im Herbst finden regelm\u00e4\u00dfig Chorwochenenden statt, die der intensiven Vorbereitung auf das n\u00e4chste Konzert dienen und f\u00fcr jeden Pflicht sein sollten, der das Konzert mitsingen m\u00f6chte. Die Wochenenden finden in der Familienferienst\u00e4tte Dorfweil im Taunus statt. (link zur Retreatseite)<\/p>\n<h3>&nbsp;<\/h3>\n<h3>Get together nach den Konzerten:<\/h3>\n<p><img loading=\"lazy\" decoding=\"async\" class=\"size-medium wp-image-898 alignright\" src=\"\/wp-content\/uploads\/2018\/05\/IMG_1114-300x225.jpg\" alt=\"\" width=\"300\" height=\"225\" srcset=\"https:\/\/gacc-frankfurt.de\/wp-content\/uploads\/2018\/05\/IMG_1114-300x225.jpg 300w, https:\/\/gacc-frankfurt.de\/wp-content\/uploads\/2018\/05\/IMG_1114-768x576.jpg 768w, https:\/\/gacc-frankfurt.de\/wp-content\/uploads\/2018\/05\/IMG_1114-1024x768.jpg 1024w, https:\/\/gacc-frankfurt.de\/wp-content\/uploads\/2018\/05\/IMG_1114-840x630.jpg 840w, https:\/\/gacc-frankfurt.de\/wp-content\/uploads\/2018\/05\/IMG_1114-90x68.jpg 90w, https:\/\/gacc-frankfurt.de\/wp-content\/uploads\/2018\/05\/IMG_1114-600x450.jpg 600w, https:\/\/gacc-frankfurt.de\/wp-content\/uploads\/2018\/05\/IMG_1114.jpg 960w\" sizes=\"auto, (max-width: 300px) 100vw, 300px\" \/><\/p>\n<p>nach den Konzerten reserviert das Sozialkommittee \u00fcblicherweise Pl\u00e4tze in einem Restaurant f\u00fcr ein gem\u00fctliches Beisammensein zum Ausklang. Das Interesse an einer Teilnahme wird vorher abgefragt, Freunde und Verwandte sind willkommen, eine verbindliche Anmeldung ist erforderlich.<\/p>\n<h3>\u201eBring-Parties\u201c:<\/h3>\n<p><img loading=\"lazy\" decoding=\"async\" class=\"size-medium wp-image-350 alignleft\" src=\"\/wp-content\/uploads\/2018\/03\/2013_09_07_GACC_40Jahre_Tanja_Paukert_077g-300x200.jpg\" alt=\"\" width=\"300\" height=\"200\" srcset=\"https:\/\/gacc-frankfurt.de\/wp-content\/uploads\/2018\/03\/2013_09_07_GACC_40Jahre_Tanja_Paukert_077g-300x200.jpg 300w, https:\/\/gacc-frankfurt.de\/wp-content\/uploads\/2018\/03\/2013_09_07_GACC_40Jahre_Tanja_Paukert_077g-768x512.jpg 768w, https:\/\/gacc-frankfurt.de\/wp-content\/uploads\/2018\/03\/2013_09_07_GACC_40Jahre_Tanja_Paukert_077g-1024x682.jpg 1024w, https:\/\/gacc-frankfurt.de\/wp-content\/uploads\/2018\/03\/2013_09_07_GACC_40Jahre_Tanja_Paukert_077g-420x280.jpg 420w, https:\/\/gacc-frankfurt.de\/wp-content\/uploads\/2018\/03\/2013_09_07_GACC_40Jahre_Tanja_Paukert_077g-385x257.jpg 385w, https:\/\/gacc-frankfurt.de\/wp-content\/uploads\/2018\/03\/2013_09_07_GACC_40Jahre_Tanja_Paukert_077g-600x400.jpg 600w, https:\/\/gacc-frankfurt.de\/wp-content\/uploads\/2018\/03\/2013_09_07_GACC_40Jahre_Tanja_Paukert_077g.jpg 1080w\" sizes=\"auto, (max-width: 300px) 100vw, 300px\" \/><\/p>\n<p>in der ersten Probe nach einem Konzert wird \u00fcblicherweise nur bis zur Pause geprobt. Anschlie\u00dfend gibt es eine \u201eBring Party\u201c, d.h. jeder bringt eine Kleinigkeit zu essen und\/oder zu trinken f\u00fcrs Buffet mit und wir sitzen bei leckerem Essen noch etwas zusammen.<\/p>\n<h3>&nbsp;<\/h3>\n<h3>Freizeitaktivit\u00e4ten:<\/h3>\n<p><img loading=\"lazy\" decoding=\"async\" class=\"size-medium wp-image-319 alignright\" src=\"\/wp-content\/uploads\/2018\/03\/2013_09_07_GACC_40Jahre_Hartmut_Bunge_072g-300x200.jpg\" alt=\"\" width=\"300\" height=\"200\" srcset=\"https:\/\/gacc-frankfurt.de\/wp-content\/uploads\/2018\/03\/2013_09_07_GACC_40Jahre_Hartmut_Bunge_072g-300x200.jpg 300w, https:\/\/gacc-frankfurt.de\/wp-content\/uploads\/2018\/03\/2013_09_07_GACC_40Jahre_Hartmut_Bunge_072g-768x512.jpg 768w, https:\/\/gacc-frankfurt.de\/wp-content\/uploads\/2018\/03\/2013_09_07_GACC_40Jahre_Hartmut_Bunge_072g-1024x682.jpg 1024w, https:\/\/gacc-frankfurt.de\/wp-content\/uploads\/2018\/03\/2013_09_07_GACC_40Jahre_Hartmut_Bunge_072g-420x280.jpg 420w, https:\/\/gacc-frankfurt.de\/wp-content\/uploads\/2018\/03\/2013_09_07_GACC_40Jahre_Hartmut_Bunge_072g-385x257.jpg 385w, https:\/\/gacc-frankfurt.de\/wp-content\/uploads\/2018\/03\/2013_09_07_GACC_40Jahre_Hartmut_Bunge_072g-600x400.jpg 600w, https:\/\/gacc-frankfurt.de\/wp-content\/uploads\/2018\/03\/2013_09_07_GACC_40Jahre_Hartmut_Bunge_072g.jpg 1080w\" sizes=\"auto, (max-width: 300px) 100vw, 300px\" \/><\/p>\n<p>in unregelm\u00e4\u00dfigen Abst\u00e4nden organisiert das Sozialkommittee gemeinsame Unternehmungen (z.B. Oper-, Konzert oder Filmbesuche o.\u00e4.) zu denen man sich anmelden kann.<\/p>\n<h3>&nbsp;<\/h3>\n<h3>Ehrenamtliche Engagement:<\/h3>\n<p>f\u00fcr die gute Organisation und Vorbereitung unserer Konzerte sowie die Verwaltung des Chores und die Organisation der zus\u00e4tzlichen Choraktivit\u00e4ten sind wir auf die Unterst\u00fctzung m\u00f6glichst vieler Chormitglieder angewiesen. Wir haben eine klare Organisationsstruktur, es wird in Teams gearbeitet und die einzelnen Aufgabenfelder sind klar definiert - von gross bis klein - so dass sich jeder entsprechend seiner verf\u00fcgbaren Zeit einbringen kann. Weitere Details findest Du -&gt; hier (link zu Chororganisation).<\/p>\n<h3>&nbsp;<\/h3>\n<h3>Chorreisen:<\/h3>\n<p>in unregelm\u00e4\u00dfigen Abst\u00e4nden werden auch Chorreisen organisiert. Dies sind dann Gemeinschaftsprojekte mit anderen Ch\u00f6ren und\/oder Komponisten mit denen wir gemeinsam Konzerte geben.<\/p>\n<p><strong>1999<\/strong> trat der GACC auf Einladung der American Church in Paris zum ersten Mal im Ausland auf. Es wurden \u201eFranz\u00f6sische Chorwerke\u201c aufgef\u00fchrt.<\/p>\n<p><strong>2005<\/strong> hat der GACC die \"Caribbean Mass\" von McClure in Siena aufgef\u00fchrt.<\/p>\n<p><strong><img loading=\"lazy\" decoding=\"async\" class=\"size-medium wp-image-1007 alignright\" src=\"https:\/\/gacc-frankfurt.de\/wp-content\/uploads\/2018\/06\/Vie_57cb2047-d927-4257-81ab-c74cf5c7b5a6-300x200.jpg\" alt=\"\" width=\"300\" height=\"200\" srcset=\"https:\/\/gacc-frankfurt.de\/wp-content\/uploads\/2018\/06\/Vie_57cb2047-d927-4257-81ab-c74cf5c7b5a6-300x200.jpg 300w, https:\/\/gacc-frankfurt.de\/wp-content\/uploads\/2018\/06\/Vie_57cb2047-d927-4257-81ab-c74cf5c7b5a6-768x512.jpg 768w, https:\/\/gacc-frankfurt.de\/wp-content\/uploads\/2018\/06\/Vie_57cb2047-d927-4257-81ab-c74cf5c7b5a6-1280x853.jpg 1280w, https:\/\/gacc-frankfurt.de\/wp-content\/uploads\/2018\/06\/Vie_57cb2047-d927-4257-81ab-c74cf5c7b5a6-420x280.jpg 420w, https:\/\/gacc-frankfurt.de\/wp-content\/uploads\/2018\/06\/Vie_57cb2047-d927-4257-81ab-c74cf5c7b5a6-385x257.jpg 385w, https:\/\/gacc-frankfurt.de\/wp-content\/uploads\/2018\/06\/Vie_57cb2047-d927-4257-81ab-c74cf5c7b5a6-600x400.jpg 600w, https:\/\/gacc-frankfurt.de\/wp-content\/uploads\/2018\/06\/Vie_57cb2047-d927-4257-81ab-c74cf5c7b5a6.jpg 1080w\" sizes=\"auto, (max-width: 300px) 100vw, 300px\" \/>2007<\/strong> gastierte der GACC in Vietnam (Hanoi und Saigon). Hier er\u00f6ffnete der Chor auf Einladung des Goethe-Instituts zusammen mit einem Chor und Orchester aus Hanoi die deutschen Kulturwochen und pr\u00e4sentierte \"Die Sch\u00f6pfung\" von Haydn.<\/p>\n<p>&nbsp;<\/p>\n<p>&nbsp;<\/p>\n<p><strong><img loading=\"lazy\" decoding=\"async\" class=\"size-medium wp-image-1008 alignleft\" src=\"https:\/\/gacc-frankfurt.de\/wp-content\/uploads\/2018\/06\/Thai_IMG_24001-300x200.jpg\" alt=\"\" width=\"300\" height=\"200\" srcset=\"https:\/\/gacc-frankfurt.de\/wp-content\/uploads\/2018\/06\/Thai_IMG_24001-300x200.jpg 300w, https:\/\/gacc-frankfurt.de\/wp-content\/uploads\/2018\/06\/Thai_IMG_24001-420x280.jpg 420w, https:\/\/gacc-frankfurt.de\/wp-content\/uploads\/2018\/06\/Thai_IMG_24001-385x257.jpg 385w, https:\/\/gacc-frankfurt.de\/wp-content\/uploads\/2018\/06\/Thai_IMG_24001-600x400.jpg 600w, https:\/\/gacc-frankfurt.de\/wp-content\/uploads\/2018\/06\/Thai_IMG_24001.jpg 640w\" sizes=\"auto, (max-width: 300px) 100vw, 300px\" \/><\/strong><\/p>\n<p>&nbsp;<\/p>\n<p><strong>2010<\/strong> reiste der Chor nach Bangkok. Er f\u00fchrte dort zusammen mit dem Orpheus Choir of Bangkok unter der musikalischen Leitung von Somtow Sucharitkul Rossinis's \"Petit Messe Solennelle\" auf.<\/p>\n<p>&nbsp;<\/p>\n<p>&nbsp;<\/p>\n<p><img loading=\"lazy\" decoding=\"async\" class=\"alignright wp-image-7744 size-medium\" src=\"https:\/\/gacc-frankfurt.de\/wp-content\/uploads\/2018\/10\/Foto-Birmingham-300x225.jpg\" alt=\"\" width=\"300\" height=\"225\" srcset=\"https:\/\/gacc-frankfurt.de\/wp-content\/uploads\/2018\/10\/Foto-Birmingham-300x225.jpg 300w, https:\/\/gacc-frankfurt.de\/wp-content\/uploads\/2018\/10\/Foto-Birmingham-768x576.jpg 768w, https:\/\/gacc-frankfurt.de\/wp-content\/uploads\/2018\/10\/Foto-Birmingham-1280x960.jpg 1280w, https:\/\/gacc-frankfurt.de\/wp-content\/uploads\/2018\/10\/Foto-Birmingham-840x630.jpg 840w, https:\/\/gacc-frankfurt.de\/wp-content\/uploads\/2018\/10\/Foto-Birmingham-90x68.jpg 90w, https:\/\/gacc-frankfurt.de\/wp-content\/uploads\/2018\/10\/Foto-Birmingham.jpg 960w\" sizes=\"auto, (max-width: 300px) 100vw, 300px\" \/><\/p>\n<p>&nbsp;<\/p>\n<p><strong>2016<\/strong> gab der GACC ein Weihnachtskonzert auf dem \u201eFrankfurt German Christmas Market\u201c in Birmingham, Gro\u00dfbritannien<\/p>\n<p>&nbsp;<\/p>\n<p>&nbsp;<\/p>\n<p>&nbsp;<\/p>\n<p>&nbsp;<\/p>\n<p><img loading=\"lazy\" decoding=\"async\" class=\"size-medium wp-image-8203 alignleft\" src=\"https:\/\/gacc-frankfurt.de\/wp-content\/uploads\/2019\/11\/Foto-Kosovojpg-300x142.jpg\" alt=\"\" width=\"300\" height=\"142\" srcset=\"https:\/\/gacc-frankfurt.de\/wp-content\/uploads\/2019\/11\/Foto-Kosovojpg-300x142.jpg 300w, https:\/\/gacc-frankfurt.de\/wp-content\/uploads\/2019\/11\/Foto-Kosovojpg.jpg 720w\" sizes=\"auto, (max-width: 300px) 100vw, 300px\" \/><\/p>\n<p>Im Oktober <strong>2019<\/strong>, f\u00fchrte der GACC in Zusammenarbeit mit dem Dirigenten Kushtrim Gashi und dem Kosovo Youth Orchestra (KYO) zwei Konzerte im Kosovo in der historischen Stadt Prizren und der kosovarischen Hauptstadt Pristina auf. Bereits 2017 hatte der GACC Kushtrim Gashi mit dem St\u00fcck Misatango von Martin Palmeri als Gastdirigent erlebt. Aus dieser erfolgreichen Zusammenarbeit entstand die Idee einer Konzertreise des Chores in die Heimat von Kushtrim Gashi und zu einem gemeinsamen Projekt mit dem preisgekr\u00f6nten KYO. Ziel der KYO Konzerte ist die Interaktion zwischen den jungen Musikern aus dem Kosovo und dem Ausland. Ein Ziel, das perfekt zum Leitspruch des GACC passt und das der Chor daher tatkr\u00e4ftig unterst\u00fctzen wollte.<\/p>\n<p>&nbsp;<\/p>\n<p>&nbsp;<\/p>","protected":false},"excerpt":{"rendered":"<p>In addition to the rehearsals and the preparation of the concerts, the choir offers many opportunities to make new personal contacts, to volunteer or to do something together in the free time: Retreats: In spring and autumn regular choir retreat weekends take place and serve <span class=\"read-more\"><a class=\"more-link btn btn-transparent\" href=\"http:\/\/gacc-frankfurt.de\/de\/gacc\/chor-aktivitaten\/\">Read More &#8230;<\/a><\/span><\/p>","protected":false},"author":1,"featured_media":0,"parent":221,"menu_order":0,"comment_status":"closed","ping_status":"closed","template":"","meta":{"ngg_post_thumbnail":0,"footnotes":""},"class_list":["post-893","page","type-page","status-publish","hentry"],"jetpack_sharing_enabled":true,"jetpack_shortlink":"https:\/\/wp.me\/Pagp8M-ep","_links":{"self":[{"href":"http:\/\/gacc-frankfurt.de\/de\/wp-json\/wp\/v2\/pages\/893","targetHints":{"allow":["GET"]}}],"collection":[{"href":"http:\/\/gacc-frankfurt.de\/de\/wp-json\/wp\/v2\/pages"}],"about":[{"href":"http:\/\/gacc-frankfurt.de\/de\/wp-json\/wp\/v2\/types\/page"}],"author":[{"embeddable":true,"href":"http:\/\/gacc-frankfurt.de\/de\/wp-json\/wp\/v2\/users\/1"}],"replies":[{"embeddable":true,"href":"http:\/\/gacc-frankfurt.de\/de\/wp-json\/wp\/v2\/comments?post=893"}],"version-history":[{"count":28,"href":"http:\/\/gacc-frankfurt.de\/de\/wp-json\/wp\/v2\/pages\/893\/revisions"}],"predecessor-version":[{"id":8205,"href":"http:\/\/gacc-frankfurt.de\/de\/wp-json\/wp\/v2\/pages\/893\/revisions\/8205"}],"up":[{"embeddable":true,"href":"http:\/\/gacc-frankfurt.de\/de\/wp-json\/wp\/v2\/pages\/221"}],"wp:attachment":[{"href":"http:\/\/gacc-frankfurt.de\/de\/wp-json\/wp\/v2\/media?parent=893"}],"curies":[{"name":"wp","href":"https:\/\/api.w.org\/{rel}","templated":true}]}}