{"id":60,"date":"2018-03-12T20:00:03","date_gmt":"2018-03-12T20:00:03","guid":{"rendered":"https:\/\/gacc-frankfurt.de\/?page_id=60"},"modified":"2024-01-16T19:58:50","modified_gmt":"2024-01-16T18:58:50","slug":"musikalische-leitung","status":"publish","type":"page","link":"https:\/\/gacc-frankfurt.de\/de\/gacc\/musikalische-leitung\/","title":{"rendered":"Chorleitung"},"content":{"rendered":"<div class=\"page\" title=\"Page 1\">\n<div class=\"section\">\n<div class=\"layoutArea\">\n<div class=\"column\">&nbsp;<\/div>\n<\/div>\n<\/div>\n<\/div>\n<h1 style=\"text-align: left;\">Musikalische Leitung<\/h1>\n<div align=\"justify\">\n<h1 style=\"text-align: left;\"><span class=\"Apple-converted-space\"><img loading=\"lazy\" decoding=\"async\" class=\"size-medium wp-image-8605 alignleft\" src=\"https:\/\/gacc-frankfurt.de\/wp-content\/uploads\/2024\/01\/Evelyn-Ruf-Copyright-200x300.png\" alt=\"\" width=\"200\" height=\"300\" srcset=\"https:\/\/gacc-frankfurt.de\/wp-content\/uploads\/2024\/01\/Evelyn-Ruf-Copyright-200x300.png 200w, https:\/\/gacc-frankfurt.de\/wp-content\/uploads\/2024\/01\/Evelyn-Ruf-Copyright-768x1151.png 768w, https:\/\/gacc-frankfurt.de\/wp-content\/uploads\/2024\/01\/Evelyn-Ruf-Copyright-8x12.png 8w, https:\/\/gacc-frankfurt.de\/wp-content\/uploads\/2024\/01\/Evelyn-Ruf-Copyright.png 796w\" sizes=\"auto, (max-width: 200px) 100vw, 200px\" \/><\/span><\/h1>\n<p><b>Evelyn Ruf<\/b> wurde 1995 in Karlsruhe geboren. Sie erhielt ab dem 7. Lebensjahr Klavierunterricht am Badischen Konservatorium und sang seitdem im Kinderchor. Weitere F\u00f6rderung erhielt sie am Helmholtz-Gymnasium, das mit dem Musikprofil und herausragenden Ensembles ihren musikalischen Werdegang pr\u00e4gte. Als Pianistin erhielt sie mehrere Bundespreise bei \u201eJugend musiziert\u201c und schloss das Abitur mit einem Musikpreis der Sparkasse ab. In Karlsruhe studierte sie Schulmusik und Geographie. Sie erhielt 2020 einen 2. Preis beim digital ausgetragenen Schulmusik-Wettbewerb der Hochschule f\u00fcr Musik Karlsruhe.<\/p>\n<p>Seit 2018 leitet Evelyn Ruf diverse Ch\u00f6re und bekam weitere musikalische Impulse in der Chorleitung durch verschiedene Meisterkurse. Von April 2021 bis September 2023 vertiefte sie das Hauptfach Chorleitung im Masterstudium an der Hochschule f\u00fcr Musik und Darstellende Kunst Frankfurt in der Klasse von Prof. Florian Lohmann. Seit Juli 2021 ist sie beim C\u00e4cilienchor Frankfurt als Stimmbildnerin t\u00e4tig und seit Juli 2023 leitet sie den Frauenchor Lorsbach. Im Januar 2024 wird sie die Nachfolge von Linda Horowitz als K\u00fcnstlerische Leitung des German-American-Community-Choir e.V. antreten.<\/p>\n<h1>Musikalische Leitung von 1973 - 2023<\/h1>\n<ul>\n<li>1973 \u2013 1980 Doris Cross<br \/>\nMit-Gr\u00fcnderin des Chores - heute K\u00fcnstlerischer Leiter an der Yale School of Music, New Haven, CT, USA<\/li>\n<li>1980 \u2013 1985 Marcel Seminara<br \/>\nChor Direktor der Alten Oper - heute Chordirektor am Teatro Comunale di Bologna, Italien<\/li>\n<li>1985 \u2013 1989 Melvin Brown \u2013 gestorben 2007<\/li>\n<li>1989 \u2013 1993 Linda Horowitz<br \/>\nErste weibliche Chorleiterin am Theater Heidelberg<\/li>\n<li>1993 \u2013 1998 Eberhard Friedrich<br \/>\nChorleiter am Wiesbadener Theater - heute Chorleiter an der Staatsoper Hamburg sowie Chorleiter der Wagner Festspiele in Bayreuth<\/li>\n<li>1998 &#8211; 2023 Linda Horowitz<\/li>\n<\/ul>\n<h1>Musikalische Begleitung \/ Repetitor<\/h1>\n<h1>Benedikt Fox<\/h1>\n<h1><img loading=\"lazy\" decoding=\"async\" class=\"size-medium wp-image-8190 alignright\" src=\"https:\/\/gacc-frankfurt.de\/wp-content\/uploads\/2019\/10\/6B22867C-7293-4CD9-B7BD-9DA6FB9D2B89-300x274.jpeg\" alt=\"\" width=\"300\" height=\"274\" srcset=\"https:\/\/gacc-frankfurt.de\/wp-content\/uploads\/2019\/10\/6B22867C-7293-4CD9-B7BD-9DA6FB9D2B89-300x274.jpeg 300w, https:\/\/gacc-frankfurt.de\/wp-content\/uploads\/2019\/10\/6B22867C-7293-4CD9-B7BD-9DA6FB9D2B89-768x701.jpeg 768w, https:\/\/gacc-frankfurt.de\/wp-content\/uploads\/2019\/10\/6B22867C-7293-4CD9-B7BD-9DA6FB9D2B89-1280x1168.jpeg 1280w\" sizes=\"auto, (max-width: 300px) 100vw, 300px\" \/><\/h1>\n<p>Pianist <b>Benedikt Fox<\/b> wurde 1988 in Bad D\u00fcrkheim in Rheinland-Pfalz geboren. Im Alter von f\u00fcnf Jahren erhielt er seinen ersten Klavierunterricht und gewann mehrere Preise beim Nachwuchswettbewerb \u201eJugend musiziert\u201c (einschlie\u00dflich des dritten Preises beim Bundeswettbewerb 2006), bevor er an die Universit\u00e4t ging. Nach dem Studium f\u00fcr Musikunterricht in der Klavierklasse von Thorsten Larbig begann er 2014 ein Studium f\u00fcr Instrumentalunterricht mit dem Schwerpunkt Klavier bei Prof. Axel Gremmelspacher. Sein Studium schloss er 2016 ab. An der Universit\u00e4t arbeitete er als Korrepetitor in der Gesangsabteilung und betreute Tutorials zum Thema H\u00f6rtraining. Benedikt Fox trat regelm\u00e4\u00dfig bei den Burgfestspielen in Bad Vilbel auf und war seit 2014 musikalischer Leiter verschiedener Produktionen, darunter \u201eBlues Brothers\u201c, \u201eDer Zauberer von Oz\u201c und \u201eJim Knopf und Lukas der Lokomotivf\u00fchrer\u201c \u201d. Weitere Theatererfahrungen sammelte er am Hessischen Staatstheater in Wiesbaden. Seit Oktober 2013 wird er von Yehudi Menuhin Live Music Now Frankfurt am Main eV gesponsert, zusammen mit seiner Chanson-Partnerin Theresa Winterer, einer Finalistin beim Bundeswettbewerb Gesang 2013.<\/p>\n<h1>Musikalische Begleitung vor 2016<\/h1>\n<ul>\n<li>&nbsp;1983 &#8211; 2016 Jim Schar<\/li>\n<\/ul>\n<\/div>","protected":false},"excerpt":{"rendered":"<p>&nbsp; Musical direction: Evelyn Ruf was born in 1995 in Karlsruhe. From the age of seven, she received piano lessons at the Badisches Konservatorium music school in Karlsruhe and sang in its children\u2019s choir from that time onward. She received further encouragement at the Helmholtz-Gymnasium <span class=\"read-more\"><a class=\"more-link btn btn-transparent\" href=\"https:\/\/gacc-frankfurt.de\/de\/gacc\/musikalische-leitung\/\">Read More &#8230;<\/a><\/span><\/p>","protected":false},"author":1,"featured_media":0,"parent":221,"menu_order":150,"comment_status":"closed","ping_status":"closed","template":"","meta":{"ngg_post_thumbnail":0,"footnotes":""},"class_list":["post-60","page","type-page","status-publish","hentry"],"jetpack_sharing_enabled":true,"jetpack_shortlink":"https:\/\/wp.me\/Pagp8M-Y","_links":{"self":[{"href":"https:\/\/gacc-frankfurt.de\/de\/wp-json\/wp\/v2\/pages\/60","targetHints":{"allow":["GET"]}}],"collection":[{"href":"https:\/\/gacc-frankfurt.de\/de\/wp-json\/wp\/v2\/pages"}],"about":[{"href":"https:\/\/gacc-frankfurt.de\/de\/wp-json\/wp\/v2\/types\/page"}],"author":[{"embeddable":true,"href":"https:\/\/gacc-frankfurt.de\/de\/wp-json\/wp\/v2\/users\/1"}],"replies":[{"embeddable":true,"href":"https:\/\/gacc-frankfurt.de\/de\/wp-json\/wp\/v2\/comments?post=60"}],"version-history":[{"count":38,"href":"https:\/\/gacc-frankfurt.de\/de\/wp-json\/wp\/v2\/pages\/60\/revisions"}],"predecessor-version":[{"id":8606,"href":"https:\/\/gacc-frankfurt.de\/de\/wp-json\/wp\/v2\/pages\/60\/revisions\/8606"}],"up":[{"embeddable":true,"href":"https:\/\/gacc-frankfurt.de\/de\/wp-json\/wp\/v2\/pages\/221"}],"wp:attachment":[{"href":"https:\/\/gacc-frankfurt.de\/de\/wp-json\/wp\/v2\/media?parent=60"}],"curies":[{"name":"wp","href":"https:\/\/api.w.org\/{rel}","templated":true}]}}